{"id":1954,"date":"2026-02-01T14:32:15","date_gmt":"2026-02-01T14:32:15","guid":{"rendered":"https:\/\/devcenter.pt\/mil\/?post_type=product&#038;p=1954"},"modified":"2026-03-27T12:47:41","modified_gmt":"2026-03-27T12:47:41","slug":"canecas","status":"publish","type":"product","link":"https:\/\/devcenter.pt\/mil\/produto\/canecas\/","title":{"rendered":"Canecas"},"content":{"rendered":"<p>Caneca de cer\u00e2mica grade AAA para sublima\u00e7\u00e3o, com caixa inclu\u00edda. Caneca de elevada qualidade, com superf\u00edcie lisa e uniforme, que assegura uma excelente consist\u00eancia na impress\u00e3o. Ideal para sublima\u00e7\u00e3o, proporcionando cores vivas, duradouras e um acabamento homog\u00e9neo.<\/p>\n","protected":false},"excerpt":{"rendered":"<p>Caneca de cer\u00e2mica grade AAA para sublima\u00e7\u00e3o, com caixa inclu\u00edda.<\/p>\n","protected":false},"featured_media":2048,"template":"","meta":[],"product_brand":[],"product_cat":[93],"product_tag":[],"class_list":{"0":"post-1954","1":"product","2":"type-product","3":"status-publish","4":"has-post-thumbnail","6":"product_cat-brindes","7":"tm-no-options","9":"first","10":"instock","11":"sold-individually","12":"taxable","13":"shipping-taxable","14":"purchasable","15":"product-type-simple"},"_links":{"self":[{"href":"https:\/\/devcenter.pt\/mil\/wp-json\/wp\/v2\/product\/1954","targetHints":{"allow":["GET"]}}],"collection":[{"href":"https:\/\/devcenter.pt\/mil\/wp-json\/wp\/v2\/product"}],"about":[{"href":"https:\/\/devcenter.pt\/mil\/wp-json\/wp\/v2\/types\/product"}],"wp:featuredmedia":[{"embeddable":true,"href":"https:\/\/devcenter.pt\/mil\/wp-json\/wp\/v2\/media\/2048"}],"wp:attachment":[{"href":"https:\/\/devcenter.pt\/mil\/wp-json\/wp\/v2\/media?parent=1954"}],"wp:term":[{"taxonomy":"product_brand","embeddable":true,"href":"https:\/\/devcenter.pt\/mil\/wp-json\/wp\/v2\/product_brand?post=1954"},{"taxonomy":"product_cat","embeddable":true,"href":"https:\/\/devcenter.pt\/mil\/wp-json\/wp\/v2\/product_cat?post=1954"},{"taxonomy":"product_tag","embeddable":true,"href":"https:\/\/devcenter.pt\/mil\/wp-json\/wp\/v2\/product_tag?post=1954"}],"curies":[{"name":"wp","href":"https:\/\/api.w.org\/{rel}","templated":true}]}}