{"id":1914,"date":"2026-02-01T14:14:39","date_gmt":"2026-02-01T14:14:39","guid":{"rendered":"https:\/\/devcenter.pt\/mil\/?post_type=product&#038;p=1914"},"modified":"2026-03-26T23:29:38","modified_gmt":"2026-03-26T23:29:38","slug":"garrafas","status":"publish","type":"product","link":"https:\/\/devcenter.pt\/mil\/produto\/garrafas\/","title":{"rendered":"Garrafas"},"content":{"rendered":"<p>Garrafa em alum\u00ednio, 400 ml para sublima\u00e7\u00e3o com mosquet\u00e3o. Em m\u00e9dia, 60% do nosso corpo \u00e9 composto por \u00e1gua. Por esta raz\u00e3o, \u00e9 essencial que se mantenha hidratado em qualquer lugar. Para o acompanhar sempre, este brinde apresenta-se como uma solu\u00e7\u00e3o reutiliz\u00e1vel, de f\u00e1cil transporte e sem grandes transtornos. A tampa de rosca n\u00e3o verte. O mosquet\u00e3o met\u00e1lico torna o transporte mais f\u00e1cil. Personalize este brinde e mantenha-se hidratado.<\/p>\n","protected":false},"excerpt":{"rendered":"<p>Garrafa em alum\u00ednio, 400 ml para sublima\u00e7\u00e3o com mosquet\u00e3o<\/p>\n","protected":false},"featured_media":1936,"template":"","meta":[],"product_brand":[],"product_cat":[93],"product_tag":[],"class_list":{"0":"post-1914","1":"product","2":"type-product","3":"status-publish","4":"has-post-thumbnail","6":"product_cat-brindes","7":"tm-no-options","9":"first","10":"instock","11":"sold-individually","12":"taxable","13":"shipping-taxable","14":"purchasable","15":"product-type-variable"},"_links":{"self":[{"href":"https:\/\/devcenter.pt\/mil\/wp-json\/wp\/v2\/product\/1914","targetHints":{"allow":["GET"]}}],"collection":[{"href":"https:\/\/devcenter.pt\/mil\/wp-json\/wp\/v2\/product"}],"about":[{"href":"https:\/\/devcenter.pt\/mil\/wp-json\/wp\/v2\/types\/product"}],"wp:featuredmedia":[{"embeddable":true,"href":"https:\/\/devcenter.pt\/mil\/wp-json\/wp\/v2\/media\/1936"}],"wp:attachment":[{"href":"https:\/\/devcenter.pt\/mil\/wp-json\/wp\/v2\/media?parent=1914"}],"wp:term":[{"taxonomy":"product_brand","embeddable":true,"href":"https:\/\/devcenter.pt\/mil\/wp-json\/wp\/v2\/product_brand?post=1914"},{"taxonomy":"product_cat","embeddable":true,"href":"https:\/\/devcenter.pt\/mil\/wp-json\/wp\/v2\/product_cat?post=1914"},{"taxonomy":"product_tag","embeddable":true,"href":"https:\/\/devcenter.pt\/mil\/wp-json\/wp\/v2\/product_tag?post=1914"}],"curies":[{"name":"wp","href":"https:\/\/api.w.org\/{rel}","templated":true}]}}