{"id":1652,"date":"2020-06-02T12:04:08","date_gmt":"2020-06-02T12:04:08","guid":{"rendered":"https:\/\/www.catwomen.pt\/?page_id=1652"},"modified":"2023-02-12T18:57:12","modified_gmt":"2023-02-12T18:57:12","slug":"trocas-e-devolucoes","status":"publish","type":"page","link":"https:\/\/devcenter.pt\/drill\/trocas-e-devolucoes\/","title":{"rendered":"Trocas e devolu\u00e7\u00f5es"},"content":{"rendered":"\t\t<div data-elementor-type=\"wp-page\" data-elementor-id=\"1652\" class=\"elementor elementor-1652\" data-elementor-settings=\"[]\">\n\t\t\t\t\t\t<div class=\"elementor-inner\">\n\t\t\t\t\t\t\t<div class=\"elementor-section-wrap\">\n\t\t\t\t\t\t\t<section class=\"elementor-section elementor-top-section elementor-element elementor-element-72d8ff2a elementor-section-boxed elementor-section-height-default elementor-section-height-default\" data-id=\"72d8ff2a\" data-element_type=\"section\">\n\t\t\t\t\t\t<div class=\"elementor-container elementor-column-gap-default\">\n\t\t\t\t\t\t\t<div class=\"elementor-row\">\n\t\t\t\t\t<div class=\"elementor-column elementor-col-100 elementor-top-column elementor-element elementor-element-4971734f\" data-id=\"4971734f\" data-element_type=\"column\">\n\t\t\t<div class=\"elementor-column-wrap elementor-element-populated\">\n\t\t\t\t\t\t\t<div class=\"elementor-widget-wrap\">\n\t\t\t\t\t\t<div class=\"elementor-element elementor-element-b935f1e elementor-widget elementor-widget-heading\" data-id=\"b935f1e\" data-element_type=\"widget\" data-widget_type=\"heading.default\">\n\t\t\t\t<div class=\"elementor-widget-container\">\n\t\t\t<h1 class=\"elementor-heading-title elementor-size-default\">Trocas e devolu\u00e7\u00f5es<\/h1>\t\t<\/div>\n\t\t\t\t<\/div>\n\t\t\t\t<div class=\"elementor-element elementor-element-87763a7 elementor-widget elementor-widget-text-editor\" data-id=\"87763a7\" data-element_type=\"widget\" data-widget_type=\"text-editor.default\">\n\t\t\t\t<div class=\"elementor-widget-container\">\n\t\t\t\t\t<div class=\"elementor-text-editor elementor-clearfix\"><\/div>\n\t\t\t\t<\/div>\n\t\t\t\t<\/div>\n\t\t\t\t\t\t<\/div>\n\t\t\t\t\t<\/div>\n\t\t<\/div>\n\t\t\t\t\t\t\t\t<\/div>\n\t\t\t\t\t<\/div>\n\t\t<\/section>\n\t\t\t\t\t\t<\/div>\n\t\t\t\t\t\t<\/div>\n\t\t\t\t\t<\/div>\n\t\t","protected":false},"excerpt":{"rendered":"<p>Trocas e devolu\u00e7\u00f5es<\/p>\n","protected":false},"author":1,"featured_media":0,"parent":0,"menu_order":0,"comment_status":"closed","ping_status":"closed","template":"","meta":{"footnotes":""},"class_list":["post-1652","page","type-page","status-publish","hentry"],"yoast_head":"<!-- This site is optimized with the Yoast SEO plugin v19.13 - https:\/\/yoast.com\/wordpress\/plugins\/seo\/ -->\n<title>Trocas e devolu\u00e7\u00f5es - Cut and Drill<\/title>\n<meta name=\"robots\" content=\"index, follow, max-snippet:-1, max-image-preview:large, max-video-preview:-1\" \/>\n<link rel=\"canonical\" href=\"https:\/\/devcenter.pt\/drill\/trocas-e-devolucoes\/\" \/>\n<meta property=\"og:locale\" content=\"pt_PT\" \/>\n<meta property=\"og:type\" content=\"article\" \/>\n<meta property=\"og:title\" content=\"Trocas e devolu\u00e7\u00f5es - Cut and Drill\" \/>\n<meta property=\"og:description\" content=\"Trocas e devolu\u00e7\u00f5es\" \/>\n<meta property=\"og:url\" content=\"https:\/\/devcenter.pt\/drill\/trocas-e-devolucoes\/\" \/>\n<meta property=\"og:site_name\" content=\"Cut and Drill\" \/>\n<meta property=\"article:modified_time\" content=\"2023-02-12T18:57:12+00:00\" \/>\n<meta name=\"twitter:card\" content=\"summary_large_image\" \/>\n<meta name=\"twitter:label1\" content=\"Tempo estimado de leitura\" \/>\n\t<meta name=\"twitter:data1\" content=\"1 minuto\" \/>\n<script type=\"application\/ld+json\" class=\"yoast-schema-graph\">{\"@context\":\"https:\/\/schema.org\",\"@graph\":[{\"@type\":\"WebPage\",\"@id\":\"https:\/\/devcenter.pt\/drill\/trocas-e-devolucoes\/\",\"url\":\"https:\/\/devcenter.pt\/drill\/trocas-e-devolucoes\/\",\"name\":\"Trocas e devolu\u00e7\u00f5es - Cut and Drill\",\"isPartOf\":{\"@id\":\"https:\/\/devcenter.pt\/drill\/#website\"},\"datePublished\":\"2020-06-02T12:04:08+00:00\",\"dateModified\":\"2023-02-12T18:57:12+00:00\",\"breadcrumb\":{\"@id\":\"https:\/\/devcenter.pt\/drill\/trocas-e-devolucoes\/#breadcrumb\"},\"inLanguage\":\"pt-PT\",\"potentialAction\":[{\"@type\":\"ReadAction\",\"target\":[\"https:\/\/devcenter.pt\/drill\/trocas-e-devolucoes\/\"]}]},{\"@type\":\"BreadcrumbList\",\"@id\":\"https:\/\/devcenter.pt\/drill\/trocas-e-devolucoes\/#breadcrumb\",\"itemListElement\":[{\"@type\":\"ListItem\",\"position\":1,\"name\":\"In\u00edcio\",\"item\":\"https:\/\/devcenter.pt\/drill\/\"},{\"@type\":\"ListItem\",\"position\":2,\"name\":\"Trocas e devolu\u00e7\u00f5es\"}]},{\"@type\":\"WebSite\",\"@id\":\"https:\/\/devcenter.pt\/drill\/#website\",\"url\":\"https:\/\/devcenter.pt\/drill\/\",\"name\":\"Cut and Drill\",\"description\":\"Solu\u00e7\u00f5es\",\"potentialAction\":[{\"@type\":\"SearchAction\",\"target\":{\"@type\":\"EntryPoint\",\"urlTemplate\":\"https:\/\/devcenter.pt\/drill\/?s={search_term_string}\"},\"query-input\":\"required name=search_term_string\"}],\"inLanguage\":\"pt-PT\"}]}<\/script>\n<!-- \/ Yoast SEO plugin. -->","yoast_head_json":{"title":"Trocas e devolu\u00e7\u00f5es - Cut and Drill","robots":{"index":"index","follow":"follow","max-snippet":"max-snippet:-1","max-image-preview":"max-image-preview:large","max-video-preview":"max-video-preview:-1"},"canonical":"https:\/\/devcenter.pt\/drill\/trocas-e-devolucoes\/","og_locale":"pt_PT","og_type":"article","og_title":"Trocas e devolu\u00e7\u00f5es - Cut and Drill","og_description":"Trocas e devolu\u00e7\u00f5es","og_url":"https:\/\/devcenter.pt\/drill\/trocas-e-devolucoes\/","og_site_name":"Cut and Drill","article_modified_time":"2023-02-12T18:57:12+00:00","twitter_card":"summary_large_image","twitter_misc":{"Tempo estimado de leitura":"1 minuto"},"schema":{"@context":"https:\/\/schema.org","@graph":[{"@type":"WebPage","@id":"https:\/\/devcenter.pt\/drill\/trocas-e-devolucoes\/","url":"https:\/\/devcenter.pt\/drill\/trocas-e-devolucoes\/","name":"Trocas e devolu\u00e7\u00f5es - Cut and Drill","isPartOf":{"@id":"https:\/\/devcenter.pt\/drill\/#website"},"datePublished":"2020-06-02T12:04:08+00:00","dateModified":"2023-02-12T18:57:12+00:00","breadcrumb":{"@id":"https:\/\/devcenter.pt\/drill\/trocas-e-devolucoes\/#breadcrumb"},"inLanguage":"pt-PT","potentialAction":[{"@type":"ReadAction","target":["https:\/\/devcenter.pt\/drill\/trocas-e-devolucoes\/"]}]},{"@type":"BreadcrumbList","@id":"https:\/\/devcenter.pt\/drill\/trocas-e-devolucoes\/#breadcrumb","itemListElement":[{"@type":"ListItem","position":1,"name":"In\u00edcio","item":"https:\/\/devcenter.pt\/drill\/"},{"@type":"ListItem","position":2,"name":"Trocas e devolu\u00e7\u00f5es"}]},{"@type":"WebSite","@id":"https:\/\/devcenter.pt\/drill\/#website","url":"https:\/\/devcenter.pt\/drill\/","name":"Cut and Drill","description":"Solu\u00e7\u00f5es","potentialAction":[{"@type":"SearchAction","target":{"@type":"EntryPoint","urlTemplate":"https:\/\/devcenter.pt\/drill\/?s={search_term_string}"},"query-input":"required name=search_term_string"}],"inLanguage":"pt-PT"}]}},"_links":{"self":[{"href":"https:\/\/devcenter.pt\/drill\/wp-json\/wp\/v2\/pages\/1652","targetHints":{"allow":["GET"]}}],"collection":[{"href":"https:\/\/devcenter.pt\/drill\/wp-json\/wp\/v2\/pages"}],"about":[{"href":"https:\/\/devcenter.pt\/drill\/wp-json\/wp\/v2\/types\/page"}],"author":[{"embeddable":true,"href":"https:\/\/devcenter.pt\/drill\/wp-json\/wp\/v2\/users\/1"}],"replies":[{"embeddable":true,"href":"https:\/\/devcenter.pt\/drill\/wp-json\/wp\/v2\/comments?post=1652"}],"version-history":[{"count":25,"href":"https:\/\/devcenter.pt\/drill\/wp-json\/wp\/v2\/pages\/1652\/revisions"}],"predecessor-version":[{"id":13922,"href":"https:\/\/devcenter.pt\/drill\/wp-json\/wp\/v2\/pages\/1652\/revisions\/13922"}],"wp:attachment":[{"href":"https:\/\/devcenter.pt\/drill\/wp-json\/wp\/v2\/media?parent=1652"}],"curies":[{"name":"wp","href":"https:\/\/api.w.org\/{rel}","templated":true}]}}