{"id":1650,"date":"2020-06-02T12:01:50","date_gmt":"2020-06-02T12:01:50","guid":{"rendered":"https:\/\/www.catwomen.pt\/?page_id=1650"},"modified":"2023-02-12T18:56:50","modified_gmt":"2023-02-12T18:56:50","slug":"resolucao-de-litigios-de-consumo-online","status":"publish","type":"page","link":"https:\/\/devcenter.pt\/drill\/resolucao-de-litigios-de-consumo-online\/","title":{"rendered":"Resolu\u00e7\u00e3o de Lit\u00edgios de Consumo Online"},"content":{"rendered":"\t\t<div data-elementor-type=\"wp-page\" data-elementor-id=\"1650\" class=\"elementor elementor-1650\" data-elementor-settings=\"[]\">\n\t\t\t\t\t\t<div class=\"elementor-inner\">\n\t\t\t\t\t\t\t<div class=\"elementor-section-wrap\">\n\t\t\t\t\t\t\t<section class=\"elementor-section elementor-top-section elementor-element elementor-element-1b85c50 elementor-section-boxed elementor-section-height-default elementor-section-height-default\" data-id=\"1b85c50\" data-element_type=\"section\">\n\t\t\t\t\t\t<div class=\"elementor-container elementor-column-gap-default\">\n\t\t\t\t\t\t\t<div class=\"elementor-row\">\n\t\t\t\t\t<div class=\"elementor-column elementor-col-100 elementor-top-column elementor-element elementor-element-586a04a6\" data-id=\"586a04a6\" data-element_type=\"column\">\n\t\t\t<div class=\"elementor-column-wrap elementor-element-populated\">\n\t\t\t\t\t\t\t<div class=\"elementor-widget-wrap\">\n\t\t\t\t\t\t<div class=\"elementor-element elementor-element-79554a0 elementor-widget elementor-widget-heading\" data-id=\"79554a0\" data-element_type=\"widget\" data-widget_type=\"heading.default\">\n\t\t\t\t<div class=\"elementor-widget-container\">\n\t\t\t<h1 class=\"elementor-heading-title elementor-size-default\">Resolu\u00e7\u00e3o de Lit\u00edgios de Consumo Online\n<\/h1>\t\t<\/div>\n\t\t\t\t<\/div>\n\t\t\t\t<div class=\"elementor-element elementor-element-2ba14ce7 elementor-widget elementor-widget-text-editor\" data-id=\"2ba14ce7\" data-element_type=\"widget\" data-widget_type=\"text-editor.default\">\n\t\t\t\t<div class=\"elementor-widget-container\">\n\t\t\t\t\t<div class=\"elementor-text-editor elementor-clearfix\"><p>Em caso de lit\u00edgio referente a obriga\u00e7\u00f5es contratuais resultantes de contratos de compra e venda, conforme o Regulamento EU n.\u00ba 524\/2013, poder\u00e1 tentar resolver qualquer lit\u00edgio de forma extrajudicial atrav\u00e9s do acesso \u00e0s plataformas eletr\u00f3nicas de resolu\u00e7\u00e3o de conflitos.<\/p>\n<p>Plataforma europeia de Resolu\u00e7\u00e3o Alternativa de Lit\u00edgios.<br><a href=\"http:\/\/ec.europa.eu\/consumers\/odr\/\">http:\/\/ec.europa.eu\/consumers\/odr\/<\/a>.<\/p>\n<p>Poder\u00e1 consultar ainda a lista atualizada das Entidades de Resolu\u00e7\u00e3o Alternativa de Lit\u00edgios dispon\u00edveis ao abrigo do artigo 17.\u00ba da Lei n.\u00ba 144\/2015, de 8 de setembro, no Portal do Consumidor, atrav\u00e9s do s\u00edtio eletr\u00f3nico&nbsp;<a href=\"http:\/\/www.consumidor.gov.pt\/\">http:\/\/www.consumidor.gov.pt<\/a>&nbsp;<\/p>\n<p>Sem preju\u00edzo, informamos que poder\u00e1 recorrer \u00e0s seguintes Entidades de Resolu\u00e7\u00e3o Alternativa de Lit\u00edgios:<\/p>\n<p>CNIACC \u2013 Centro Nacional de Informa\u00e7\u00e3o e Arbitragem de Conflitos de Consumo<br>http:\/\/www.arbitragemdeconsumo.org\/<br>+351 213 847 484<\/p>\n<p>Centro de Arbitragem de Conflitos de Consumo de Lisboa<br>http:\/\/www.centroarbitragemlisboa.pt\/<br>Rua dos Douradores 106, 1100, Lisboa<\/p>\n<p>Centro de Arbitragem de Conflitos de Consumo do Vale do Ave\/Tribunal Arbitral<br>http:\/\/www.triave.pt\/<br>Rua Capit\u00e3o Alfredo Guimar\u00e3es , 1, 4800-019 Guimar\u00e3es<\/p>\n<p>CIAB &#8211; Centro de Informa\u00e7\u00e3o, Media\u00e7\u00e3o e Arbitragem de Consumo (Tribunal Arbitral de Consumo)<br>http:\/\/www.ciab.pt\/pt\/<br>Rua D. Afonso Henriques, 1, 4700-030 Braga \/ Av. Rocha Paris, 103, 4900-394 Viana do Castelo<\/p>\n<p>Centro de Arbitragem de Conflitos de Consumo do Distrito de Coimbra<br>http:\/\/www.centrodearbitragemdecoimbra.com<br>Av.&nbsp;Fern\u00e3o de Magalh\u00e3es, n\u00ba 240, 1\u00ba Andar, 3000-172 Coimbra<\/p>\n<p>Centro de Informa\u00e7\u00e3o, Media\u00e7\u00e3o e Arbitragem de Conflitos de Consumos de Algarve<br>http:\/\/www.consumoalgarve.pt<br>Ninho de Empresas, Edif. ANJE, Estrada da Penha, 3\u00ba andar, sala 26, 8000 Faro<\/p>\n<p>Centro de Informa\u00e7\u00e3o de Consumo e Arbitragem do Porto<br>http:\/\/www.cicap.pt<br>Rua Dami\u00e3o de G\u00f3is, 31, Loja 6, 4050-225, Porto<\/p>\n<p>A DIAMONDTENDENCY LDA n\u00e3o se encontra vinculada por ades\u00e3o ou imposi\u00e7\u00e3o legal decorrente de arbitragem necess\u00e1ria, a qualquer entidade de resolu\u00e7\u00e3o alternativa de lit\u00edgios de consumo.<\/p><\/div>\n\t\t\t\t<\/div>\n\t\t\t\t<\/div>\n\t\t\t\t\t\t<\/div>\n\t\t\t\t\t<\/div>\n\t\t<\/div>\n\t\t\t\t\t\t\t\t<\/div>\n\t\t\t\t\t<\/div>\n\t\t<\/section>\n\t\t\t\t\t\t<\/div>\n\t\t\t\t\t\t<\/div>\n\t\t\t\t\t<\/div>\n\t\t","protected":false},"excerpt":{"rendered":"<p>Resolu\u00e7\u00e3o de Lit\u00edgios de Consumo Online Em caso de lit\u00edgio referente a obriga\u00e7\u00f5es contratuais resultantes de contratos de compra e venda, conforme o Regulamento EU n.\u00ba 524\/2013, poder\u00e1 tentar resolver qualquer lit\u00edgio de forma extrajudicial atrav\u00e9s do acesso \u00e0s plataformas eletr\u00f3nicas de resolu\u00e7\u00e3o de conflitos. Plataforma europeia de Resolu\u00e7\u00e3o Alternativa de Lit\u00edgios.http:\/\/ec.europa.eu\/consumers\/odr\/. Poder\u00e1 consultar ainda [&hellip;]<\/p>\n","protected":false},"author":1,"featured_media":0,"parent":0,"menu_order":0,"comment_status":"closed","ping_status":"closed","template":"","meta":{"footnotes":""},"class_list":["post-1650","page","type-page","status-publish","hentry"],"yoast_head":"<!-- This site is optimized with the Yoast SEO plugin v19.13 - https:\/\/yoast.com\/wordpress\/plugins\/seo\/ -->\n<title>Resolu\u00e7\u00e3o de Lit\u00edgios de Consumo Online - Cut and Drill<\/title>\n<meta name=\"robots\" content=\"index, follow, max-snippet:-1, max-image-preview:large, max-video-preview:-1\" \/>\n<link rel=\"canonical\" href=\"https:\/\/devcenter.pt\/drill\/resolucao-de-litigios-de-consumo-online\/\" \/>\n<meta property=\"og:locale\" content=\"pt_PT\" \/>\n<meta property=\"og:type\" content=\"article\" \/>\n<meta property=\"og:title\" content=\"Resolu\u00e7\u00e3o de Lit\u00edgios de Consumo Online - Cut and Drill\" \/>\n<meta property=\"og:description\" content=\"Resolu\u00e7\u00e3o de Lit\u00edgios de Consumo Online Em caso de lit\u00edgio referente a obriga\u00e7\u00f5es contratuais resultantes de contratos de compra e venda, conforme o Regulamento EU n.\u00ba 524\/2013, poder\u00e1 tentar resolver qualquer lit\u00edgio de forma extrajudicial atrav\u00e9s do acesso \u00e0s plataformas eletr\u00f3nicas de resolu\u00e7\u00e3o de conflitos. Plataforma europeia de Resolu\u00e7\u00e3o Alternativa de Lit\u00edgios.http:\/\/ec.europa.eu\/consumers\/odr\/. Poder\u00e1 consultar ainda [&hellip;]\" \/>\n<meta property=\"og:url\" content=\"https:\/\/devcenter.pt\/drill\/resolucao-de-litigios-de-consumo-online\/\" \/>\n<meta property=\"og:site_name\" content=\"Cut and Drill\" \/>\n<meta property=\"article:modified_time\" content=\"2023-02-12T18:56:50+00:00\" \/>\n<meta name=\"twitter:card\" content=\"summary_large_image\" \/>\n<meta name=\"twitter:label1\" content=\"Tempo estimado de leitura\" \/>\n\t<meta name=\"twitter:data1\" content=\"2 minutos\" \/>\n<script type=\"application\/ld+json\" class=\"yoast-schema-graph\">{\"@context\":\"https:\/\/schema.org\",\"@graph\":[{\"@type\":\"WebPage\",\"@id\":\"https:\/\/devcenter.pt\/drill\/resolucao-de-litigios-de-consumo-online\/\",\"url\":\"https:\/\/devcenter.pt\/drill\/resolucao-de-litigios-de-consumo-online\/\",\"name\":\"Resolu\u00e7\u00e3o de Lit\u00edgios de Consumo Online - Cut and Drill\",\"isPartOf\":{\"@id\":\"https:\/\/devcenter.pt\/drill\/#website\"},\"datePublished\":\"2020-06-02T12:01:50+00:00\",\"dateModified\":\"2023-02-12T18:56:50+00:00\",\"breadcrumb\":{\"@id\":\"https:\/\/devcenter.pt\/drill\/resolucao-de-litigios-de-consumo-online\/#breadcrumb\"},\"inLanguage\":\"pt-PT\",\"potentialAction\":[{\"@type\":\"ReadAction\",\"target\":[\"https:\/\/devcenter.pt\/drill\/resolucao-de-litigios-de-consumo-online\/\"]}]},{\"@type\":\"BreadcrumbList\",\"@id\":\"https:\/\/devcenter.pt\/drill\/resolucao-de-litigios-de-consumo-online\/#breadcrumb\",\"itemListElement\":[{\"@type\":\"ListItem\",\"position\":1,\"name\":\"In\u00edcio\",\"item\":\"https:\/\/devcenter.pt\/drill\/\"},{\"@type\":\"ListItem\",\"position\":2,\"name\":\"Resolu\u00e7\u00e3o de Lit\u00edgios de Consumo Online\"}]},{\"@type\":\"WebSite\",\"@id\":\"https:\/\/devcenter.pt\/drill\/#website\",\"url\":\"https:\/\/devcenter.pt\/drill\/\",\"name\":\"Cut and Drill\",\"description\":\"Solu\u00e7\u00f5es\",\"potentialAction\":[{\"@type\":\"SearchAction\",\"target\":{\"@type\":\"EntryPoint\",\"urlTemplate\":\"https:\/\/devcenter.pt\/drill\/?s={search_term_string}\"},\"query-input\":\"required name=search_term_string\"}],\"inLanguage\":\"pt-PT\"}]}<\/script>\n<!-- \/ Yoast SEO plugin. -->","yoast_head_json":{"title":"Resolu\u00e7\u00e3o de Lit\u00edgios de Consumo Online - Cut and Drill","robots":{"index":"index","follow":"follow","max-snippet":"max-snippet:-1","max-image-preview":"max-image-preview:large","max-video-preview":"max-video-preview:-1"},"canonical":"https:\/\/devcenter.pt\/drill\/resolucao-de-litigios-de-consumo-online\/","og_locale":"pt_PT","og_type":"article","og_title":"Resolu\u00e7\u00e3o de Lit\u00edgios de Consumo Online - Cut and Drill","og_description":"Resolu\u00e7\u00e3o de Lit\u00edgios de Consumo Online Em caso de lit\u00edgio referente a obriga\u00e7\u00f5es contratuais resultantes de contratos de compra e venda, conforme o Regulamento EU n.\u00ba 524\/2013, poder\u00e1 tentar resolver qualquer lit\u00edgio de forma extrajudicial atrav\u00e9s do acesso \u00e0s plataformas eletr\u00f3nicas de resolu\u00e7\u00e3o de conflitos. Plataforma europeia de Resolu\u00e7\u00e3o Alternativa de Lit\u00edgios.http:\/\/ec.europa.eu\/consumers\/odr\/. Poder\u00e1 consultar ainda [&hellip;]","og_url":"https:\/\/devcenter.pt\/drill\/resolucao-de-litigios-de-consumo-online\/","og_site_name":"Cut and Drill","article_modified_time":"2023-02-12T18:56:50+00:00","twitter_card":"summary_large_image","twitter_misc":{"Tempo estimado de leitura":"2 minutos"},"schema":{"@context":"https:\/\/schema.org","@graph":[{"@type":"WebPage","@id":"https:\/\/devcenter.pt\/drill\/resolucao-de-litigios-de-consumo-online\/","url":"https:\/\/devcenter.pt\/drill\/resolucao-de-litigios-de-consumo-online\/","name":"Resolu\u00e7\u00e3o de Lit\u00edgios de Consumo Online - Cut and Drill","isPartOf":{"@id":"https:\/\/devcenter.pt\/drill\/#website"},"datePublished":"2020-06-02T12:01:50+00:00","dateModified":"2023-02-12T18:56:50+00:00","breadcrumb":{"@id":"https:\/\/devcenter.pt\/drill\/resolucao-de-litigios-de-consumo-online\/#breadcrumb"},"inLanguage":"pt-PT","potentialAction":[{"@type":"ReadAction","target":["https:\/\/devcenter.pt\/drill\/resolucao-de-litigios-de-consumo-online\/"]}]},{"@type":"BreadcrumbList","@id":"https:\/\/devcenter.pt\/drill\/resolucao-de-litigios-de-consumo-online\/#breadcrumb","itemListElement":[{"@type":"ListItem","position":1,"name":"In\u00edcio","item":"https:\/\/devcenter.pt\/drill\/"},{"@type":"ListItem","position":2,"name":"Resolu\u00e7\u00e3o de Lit\u00edgios de Consumo Online"}]},{"@type":"WebSite","@id":"https:\/\/devcenter.pt\/drill\/#website","url":"https:\/\/devcenter.pt\/drill\/","name":"Cut and Drill","description":"Solu\u00e7\u00f5es","potentialAction":[{"@type":"SearchAction","target":{"@type":"EntryPoint","urlTemplate":"https:\/\/devcenter.pt\/drill\/?s={search_term_string}"},"query-input":"required name=search_term_string"}],"inLanguage":"pt-PT"}]}},"_links":{"self":[{"href":"https:\/\/devcenter.pt\/drill\/wp-json\/wp\/v2\/pages\/1650","targetHints":{"allow":["GET"]}}],"collection":[{"href":"https:\/\/devcenter.pt\/drill\/wp-json\/wp\/v2\/pages"}],"about":[{"href":"https:\/\/devcenter.pt\/drill\/wp-json\/wp\/v2\/types\/page"}],"author":[{"embeddable":true,"href":"https:\/\/devcenter.pt\/drill\/wp-json\/wp\/v2\/users\/1"}],"replies":[{"embeddable":true,"href":"https:\/\/devcenter.pt\/drill\/wp-json\/wp\/v2\/comments?post=1650"}],"version-history":[{"count":19,"href":"https:\/\/devcenter.pt\/drill\/wp-json\/wp\/v2\/pages\/1650\/revisions"}],"predecessor-version":[{"id":13916,"href":"https:\/\/devcenter.pt\/drill\/wp-json\/wp\/v2\/pages\/1650\/revisions\/13916"}],"wp:attachment":[{"href":"https:\/\/devcenter.pt\/drill\/wp-json\/wp\/v2\/media?parent=1650"}],"curies":[{"name":"wp","href":"https:\/\/api.w.org\/{rel}","templated":true}]}}